{"id":79,"date":"2019-07-25T15:49:52","date_gmt":"2019-07-25T13:49:52","guid":{"rendered":"http:\/\/hevea-apparthotel.ms.decms.eu\/?page_id=79"},"modified":"2024-04-23T15:50:13","modified_gmt":"2024-04-23T13:50:13","slug":"welcome-to-the-residence-hevea-appart-hotel","status":"publish","type":"page","link":"https:\/\/www.hevea-apparthotel.com\/en\/welcome-to-the-residence-hevea-appart-hotel\/","title":{"rendered":"Welcome to the residence H\u00e9v\u00e9a Appart Hotel"},"content":{"rendered":"<p>The H\u00e9v\u00e9a Appart&#8217;h\u00f4tel *** is located near the city centre with its shops and entertainment venues, but also near the Valence Exhibition Centre for your professional and leisure events.<\/p>\n<p>Just 10 minutes from the bus and train stations, our Appart&#8217;hotel is the perfect base for your business, leisure and sports trips.<\/p>\n<p>An ideal location to explore the surrounding area, whatever your reason for staying, tourist or professional. The 3-star residence, near the city centre of Valence in the Dr\u00f4me, is a real pied \u00e0 terre for visiting the South of France.<\/p>\n<p>The H\u00e9v\u00e9a Appart&#8217;h\u00f4tel *** offers 51 comfortable flats, from 15 to 38 m\u00b2, including 2 studios for people with reduced mobility and 5 family flats for up to 4 people.<\/p>\n<p>L&#8217;H\u00e9v\u00e9a Appart&#8217;h\u00f4tel*** also has a sauna area for your relaxation<\/p>\n","protected":false},"excerpt":{"rendered":"<p>The 3-star tourism residence in Valence, France<\/p>\n","protected":false},"author":4,"featured_media":60,"parent":0,"menu_order":10,"comment_status":"closed","ping_status":"closed","template":"","meta":{"footnotes":""},"class_list":["post-79","page","type-page","status-publish","has-post-thumbnail","hentry"],"yoast_head":"<!-- This site is optimized with the Yoast SEO plugin v26.9 - https:\/\/yoast.com\/product\/yoast-seo-wordpress\/ -->\n<title>3-star tourism residence, H\u00e9v\u00e9a Appart Hotel, in Valence France<\/title>\n<meta name=\"description\" content=\"Ideally located in the heart of the Drome, in Valence, France, the residence H\u00e9v\u00e9a Appart Hotel welcomes you all year long at best available rate\" \/>\n<meta name=\"robots\" content=\"index, follow, max-snippet:-1, max-image-preview:large, max-video-preview:-1\" \/>\n<link rel=\"canonical\" href=\"https:\/\/www.hevea-apparthotel.com\/en\/welcome-to-the-residence-hevea-appart-hotel\/\" \/>\n<meta property=\"og:locale\" content=\"en_US\" \/>\n<meta property=\"og:type\" content=\"article\" \/>\n<meta property=\"og:title\" content=\"3-star tourism residence, H\u00e9v\u00e9a Appart Hotel, in Valence France\" \/>\n<meta property=\"og:description\" content=\"Ideally located in the heart of the Drome, in Valence, France, the residence H\u00e9v\u00e9a Appart Hotel welcomes you all year long at best available rate\" \/>\n<meta property=\"og:url\" content=\"https:\/\/www.hevea-apparthotel.com\/en\/welcome-to-the-residence-hevea-appart-hotel\/\" \/>\n<meta property=\"og:site_name\" content=\"Hevea appart hotel\" \/>\n<meta property=\"article:modified_time\" content=\"2024-04-23T13:50:13+00:00\" \/>\n<meta property=\"og:image\" content=\"https:\/\/www.hevea-apparthotel.com\/wp-content\/uploads\/sites\/67\/2019\/07\/H\u00e9v\u00e9a-R\u00e9sidence-H\u00f4tel-enseigne-ext\u00e9rieure-3-S-1.jpg\" \/>\n\t<meta property=\"og:image:width\" content=\"2200\" \/>\n\t<meta property=\"og:image:height\" content=\"1200\" \/>\n\t<meta property=\"og:image:type\" content=\"image\/jpeg\" \/>\n<meta name=\"twitter:card\" content=\"summary_large_image\" \/>\n<meta name=\"twitter:label1\" content=\"Est. reading time\" \/>\n\t<meta name=\"twitter:data1\" content=\"1 minute\" \/>\n<script type=\"application\/ld+json\" class=\"yoast-schema-graph\">{\"@context\":\"https:\/\/schema.org\",\"@graph\":[{\"@type\":\"WebPage\",\"@id\":\"https:\/\/www.hevea-apparthotel.com\/en\/welcome-to-the-residence-hevea-appart-hotel\/\",\"url\":\"https:\/\/www.hevea-apparthotel.com\/en\/welcome-to-the-residence-hevea-appart-hotel\/\",\"name\":\"3-star tourism residence, H\u00e9v\u00e9a Appart Hotel, in Valence France\",\"isPartOf\":{\"@id\":\"https:\/\/www.hevea-apparthotel.com\/en\/#website\"},\"primaryImageOfPage\":{\"@id\":\"https:\/\/www.hevea-apparthotel.com\/en\/welcome-to-the-residence-hevea-appart-hotel\/#primaryimage\"},\"image\":{\"@id\":\"https:\/\/www.hevea-apparthotel.com\/en\/welcome-to-the-residence-hevea-appart-hotel\/#primaryimage\"},\"thumbnailUrl\":\"https:\/\/www.hevea-apparthotel.com\/wp-content\/uploads\/sites\/67\/2019\/07\/H\u00e9v\u00e9a-R\u00e9sidence-H\u00f4tel-enseigne-ext\u00e9rieure-3-S-1.jpg\",\"datePublished\":\"2019-07-25T13:49:52+00:00\",\"dateModified\":\"2024-04-23T13:50:13+00:00\",\"description\":\"Ideally located in the heart of the Drome, in Valence, France, the residence H\u00e9v\u00e9a Appart Hotel welcomes you all year long at best available rate\",\"breadcrumb\":{\"@id\":\"https:\/\/www.hevea-apparthotel.com\/en\/welcome-to-the-residence-hevea-appart-hotel\/#breadcrumb\"},\"inLanguage\":\"en-US\",\"potentialAction\":[{\"@type\":\"ReadAction\",\"target\":[\"https:\/\/www.hevea-apparthotel.com\/en\/welcome-to-the-residence-hevea-appart-hotel\/\"]}]},{\"@type\":\"ImageObject\",\"inLanguage\":\"en-US\",\"@id\":\"https:\/\/www.hevea-apparthotel.com\/en\/welcome-to-the-residence-hevea-appart-hotel\/#primaryimage\",\"url\":\"https:\/\/www.hevea-apparthotel.com\/wp-content\/uploads\/sites\/67\/2019\/07\/H\u00e9v\u00e9a-R\u00e9sidence-H\u00f4tel-enseigne-ext\u00e9rieure-3-S-1.jpg\",\"contentUrl\":\"https:\/\/www.hevea-apparthotel.com\/wp-content\/uploads\/sites\/67\/2019\/07\/H\u00e9v\u00e9a-R\u00e9sidence-H\u00f4tel-enseigne-ext\u00e9rieure-3-S-1.jpg\",\"width\":2200,\"height\":1200},{\"@type\":\"BreadcrumbList\",\"@id\":\"https:\/\/www.hevea-apparthotel.com\/en\/welcome-to-the-residence-hevea-appart-hotel\/#breadcrumb\",\"itemListElement\":[{\"@type\":\"ListItem\",\"position\":1,\"name\":\"Accueil\",\"item\":\"https:\/\/www.hevea-apparthotel.com\/en\/\"},{\"@type\":\"ListItem\",\"position\":2,\"name\":\"Welcome to the residence H\u00e9v\u00e9a Appart Hotel\"}]},{\"@type\":\"WebSite\",\"@id\":\"https:\/\/www.hevea-apparthotel.com\/en\/#website\",\"url\":\"https:\/\/www.hevea-apparthotel.com\/en\/\",\"name\":\"Hevea appart hotel\",\"description\":\"\",\"potentialAction\":[{\"@type\":\"SearchAction\",\"target\":{\"@type\":\"EntryPoint\",\"urlTemplate\":\"https:\/\/www.hevea-apparthotel.com\/en\/?s={search_term_string}\"},\"query-input\":{\"@type\":\"PropertyValueSpecification\",\"valueRequired\":true,\"valueName\":\"search_term_string\"}}],\"inLanguage\":\"en-US\"}]}<\/script>\n<!-- \/ Yoast SEO plugin. -->","yoast_head_json":{"title":"3-star tourism residence, H\u00e9v\u00e9a Appart Hotel, in Valence France","description":"Ideally located in the heart of the Drome, in Valence, France, the residence H\u00e9v\u00e9a Appart Hotel welcomes you all year long at best available rate","robots":{"index":"index","follow":"follow","max-snippet":"max-snippet:-1","max-image-preview":"max-image-preview:large","max-video-preview":"max-video-preview:-1"},"canonical":"https:\/\/www.hevea-apparthotel.com\/en\/welcome-to-the-residence-hevea-appart-hotel\/","og_locale":"en_US","og_type":"article","og_title":"3-star tourism residence, H\u00e9v\u00e9a Appart Hotel, in Valence France","og_description":"Ideally located in the heart of the Drome, in Valence, France, the residence H\u00e9v\u00e9a Appart Hotel welcomes you all year long at best available rate","og_url":"https:\/\/www.hevea-apparthotel.com\/en\/welcome-to-the-residence-hevea-appart-hotel\/","og_site_name":"Hevea appart hotel","article_modified_time":"2024-04-23T13:50:13+00:00","og_image":[{"width":2200,"height":1200,"url":"https:\/\/www.hevea-apparthotel.com\/wp-content\/uploads\/sites\/67\/2019\/07\/H\u00e9v\u00e9a-R\u00e9sidence-H\u00f4tel-enseigne-ext\u00e9rieure-3-S-1.jpg","type":"image\/jpeg"}],"twitter_card":"summary_large_image","twitter_misc":{"Est. reading time":"1 minute"},"schema":{"@context":"https:\/\/schema.org","@graph":[{"@type":"WebPage","@id":"https:\/\/www.hevea-apparthotel.com\/en\/welcome-to-the-residence-hevea-appart-hotel\/","url":"https:\/\/www.hevea-apparthotel.com\/en\/welcome-to-the-residence-hevea-appart-hotel\/","name":"3-star tourism residence, H\u00e9v\u00e9a Appart Hotel, in Valence France","isPartOf":{"@id":"https:\/\/www.hevea-apparthotel.com\/en\/#website"},"primaryImageOfPage":{"@id":"https:\/\/www.hevea-apparthotel.com\/en\/welcome-to-the-residence-hevea-appart-hotel\/#primaryimage"},"image":{"@id":"https:\/\/www.hevea-apparthotel.com\/en\/welcome-to-the-residence-hevea-appart-hotel\/#primaryimage"},"thumbnailUrl":"https:\/\/www.hevea-apparthotel.com\/wp-content\/uploads\/sites\/67\/2019\/07\/H\u00e9v\u00e9a-R\u00e9sidence-H\u00f4tel-enseigne-ext\u00e9rieure-3-S-1.jpg","datePublished":"2019-07-25T13:49:52+00:00","dateModified":"2024-04-23T13:50:13+00:00","description":"Ideally located in the heart of the Drome, in Valence, France, the residence H\u00e9v\u00e9a Appart Hotel welcomes you all year long at best available rate","breadcrumb":{"@id":"https:\/\/www.hevea-apparthotel.com\/en\/welcome-to-the-residence-hevea-appart-hotel\/#breadcrumb"},"inLanguage":"en-US","potentialAction":[{"@type":"ReadAction","target":["https:\/\/www.hevea-apparthotel.com\/en\/welcome-to-the-residence-hevea-appart-hotel\/"]}]},{"@type":"ImageObject","inLanguage":"en-US","@id":"https:\/\/www.hevea-apparthotel.com\/en\/welcome-to-the-residence-hevea-appart-hotel\/#primaryimage","url":"https:\/\/www.hevea-apparthotel.com\/wp-content\/uploads\/sites\/67\/2019\/07\/H\u00e9v\u00e9a-R\u00e9sidence-H\u00f4tel-enseigne-ext\u00e9rieure-3-S-1.jpg","contentUrl":"https:\/\/www.hevea-apparthotel.com\/wp-content\/uploads\/sites\/67\/2019\/07\/H\u00e9v\u00e9a-R\u00e9sidence-H\u00f4tel-enseigne-ext\u00e9rieure-3-S-1.jpg","width":2200,"height":1200},{"@type":"BreadcrumbList","@id":"https:\/\/www.hevea-apparthotel.com\/en\/welcome-to-the-residence-hevea-appart-hotel\/#breadcrumb","itemListElement":[{"@type":"ListItem","position":1,"name":"Accueil","item":"https:\/\/www.hevea-apparthotel.com\/en\/"},{"@type":"ListItem","position":2,"name":"Welcome to the residence H\u00e9v\u00e9a Appart Hotel"}]},{"@type":"WebSite","@id":"https:\/\/www.hevea-apparthotel.com\/en\/#website","url":"https:\/\/www.hevea-apparthotel.com\/en\/","name":"Hevea appart hotel","description":"","potentialAction":[{"@type":"SearchAction","target":{"@type":"EntryPoint","urlTemplate":"https:\/\/www.hevea-apparthotel.com\/en\/?s={search_term_string}"},"query-input":{"@type":"PropertyValueSpecification","valueRequired":true,"valueName":"search_term_string"}}],"inLanguage":"en-US"}]}},"acf":[],"_links":{"self":[{"href":"https:\/\/www.hevea-apparthotel.com\/en\/wp-json\/wp\/v2\/pages\/79","targetHints":{"allow":["GET"]}}],"collection":[{"href":"https:\/\/www.hevea-apparthotel.com\/en\/wp-json\/wp\/v2\/pages"}],"about":[{"href":"https:\/\/www.hevea-apparthotel.com\/en\/wp-json\/wp\/v2\/types\/page"}],"author":[{"embeddable":true,"href":"https:\/\/www.hevea-apparthotel.com\/en\/wp-json\/wp\/v2\/users\/4"}],"replies":[{"embeddable":true,"href":"https:\/\/www.hevea-apparthotel.com\/en\/wp-json\/wp\/v2\/comments?post=79"}],"version-history":[{"count":0,"href":"https:\/\/www.hevea-apparthotel.com\/en\/wp-json\/wp\/v2\/pages\/79\/revisions"}],"wp:featuredmedia":[{"embeddable":true,"href":"https:\/\/www.hevea-apparthotel.com\/en\/wp-json\/wp\/v2\/media\/60"}],"wp:attachment":[{"href":"https:\/\/www.hevea-apparthotel.com\/en\/wp-json\/wp\/v2\/media?parent=79"}],"curies":[{"name":"wp","href":"https:\/\/api.w.org\/{rel}","templated":true}]}}